{"id":15,"date":"2020-11-13T18:24:53","date_gmt":"2020-11-13T18:24:53","guid":{"rendered":"https:\/\/www.janickrodgers.com\/?page_id=15"},"modified":"2025-05-30T11:37:07","modified_gmt":"2025-05-30T15:37:07","slug":"accueil","status":"publish","type":"page","link":"https:\/\/www.janickrodgers.com\/fr\/","title":{"rendered":"Accueil"},"content":{"rendered":"<div class=\"row sticky-position\">\n<div class=\"large-24 columns\">\n<div class=\"block-title\">\n<h1>Votre notaire \u00e0 Gatineau<\/h1>\n<\/p><\/div>\n<\/p><\/div>\n<\/div>\n<div id=\"row_SECTION_WWP3U5Z5NU\" class=\"row\">\n<div id=\"col_COLUMN_RF7NFDCWZC\" class=\"large-24 columns\">\n<div id=\"text_BLOCK_I9XUET4I88\" class=\"block-text lp-attaque\">\n<p style=\"text-align: center;\">Me Janick Rodgers, notaire, vous accueille dans son cabinet situ\u00e9 \u00e0 Gatineau pour vous offrir un service professionnel, personnalis\u00e9 et rigoureux.<\/p>\n<\/p><\/div>\n<\/p><\/div>\n<\/div>\n<div class=\"services_container\">\n\t<a href=\"https:\/\/www.janickrodgers.com\/fr\/conseiller-juridique\/\" class=\"unService\"><img decoding=\"async\" src=\"https:\/\/www.janickrodgers.com\/wp-content\/themes\/janickrodgers\/assets\/images\/58050ee6b414.jpg\" alt=\"Conseiller jurique\"><span>Conseiller jurique<\/span><\/a><a href=\"https:\/\/www.janickrodgers.com\/fr\/droit-immobilier\/\" class=\"unService\"><img decoding=\"async\" src=\"https:\/\/www.janickrodgers.com\/wp-content\/themes\/janickrodgers\/assets\/images\/166a9ef84ef7.jpg\" alt=\"Droit immobilier\"><span>Droit immobilier<\/span><\/a><a href=\"https:\/\/www.janickrodgers.com\/fr\/mandat-de-protection\/\" class=\"unService\"><img decoding=\"async\" src=\"https:\/\/www.janickrodgers.com\/wp-content\/themes\/janickrodgers\/assets\/images\/88aa8f69a2b4.jpg\" alt=\"Mandat de protection\"><span>Mandat de protection<\/span><\/a><a href=\"https:\/\/www.janickrodgers.com\/fr\/notaire\/\" class=\"unService\"><img decoding=\"async\" src=\"https:\/\/www.janickrodgers.com\/wp-content\/themes\/janickrodgers\/assets\/images\/ee65cd766896.jpg\" alt=\"Notaire\"><span>Notaire<\/span><\/a><a href=\"https:\/\/www.janickrodgers.com\/fr\/testament\/\" class=\"unService\"><img decoding=\"async\" src=\"https:\/\/www.janickrodgers.com\/wp-content\/themes\/janickrodgers\/assets\/images\/a8d909ee856f.jpg\" alt=\"Testament\"><span>Testament<\/span><\/a>\n<\/div>\n<div id=\"row_SECTION_RO1PTUWJ64\" class=\"row\">\n<div id=\"col_COLUMN_4S0VSAJUPO\" class=\"large-12 columns fixlarge-13\">\n<div id=\"text_BLOCK_MZB8YYBLQZ\" class=\"block-text \">\n<h2>Me. Janick Rodgers, notaire, vous re\u00e7oit dans son cabinet \u00e0 Gatineau.<\/h2>\n<p>Si vous \u00eates \u00e0 Gatineau (Hull, Aylmer) et avec besoin d\u2019un notaire exp\u00e9riment\u00e9 et polyvalent, Me Janick Rodgers est votre solution! <\/p>\n<p>Avec son exp\u00e9rience en droit immobilier et \u00e9tant membre de la Chambre des Notaires du Qu\u00e9bec, Me Janick Rodgers prend en mains vos transactions immobili\u00e8res. En sa qualit\u00e9 d\u2019officier public, la notaire fait preuve d\u2019impartialit\u00e9 et vous donne des renseignements concernant la nature exacte des documents \u00e0 signer.<\/p>\n<p>Elle se charge \u00e9galement de l\u2019authentification et la publication de vos actes notari\u00e9 au registre. Vous pouvez aussi lui confier la r\u00e9daction de diff\u00e9rents actes notari\u00e9s : testament, contrat de mariage, mandat de protection de succession et autres. <\/p>\n<p><a href=\"https:\/\/www.janickrodgers.com\/fr\/nous-contacter\/\" class=\"contact btn\">Prenez rendez-vous<\/a><\/p>\n<\/p><\/div>\n<\/p><\/div>\n<div id=\"col_COLUMN_HZE3RC4HQE\" class=\"large-12 columns fixlarge-11 medium-16 medium-pull-4 large-pull-0\">\n<figure id=\"img_BLOCK_MF3KJNBESC\" class=\"block-image\">\n\t\t\t<img decoding=\"async\" src=\"https:\/\/www.janickrodgers.com\/wp-content\/themes\/janickrodgers\/assets\/images\/5f9f078e5c04.jpg\" alt=\"Notaire, Gatineau\"><br \/>\n\t\t<\/figure>\n<\/p><\/div>\n<\/div>\n<div id=\"row_SECTION_WGQXE7KHCY\" class=\"row full-width collapse img1\">\n<div id=\"col_COLUMN_1AN9TQLX00\" class=\"large-24 columns fixlarge-14 large-centered\">\n<div id=\"text_BLOCK_LJ7ZYII21K\" class=\"block-text \">\n<blockquote>\n<p>Une notaire habilit\u00e9e \u00e0 votre service<\/p>\n<\/blockquote><\/div>\n<\/p><\/div>\n<\/div>\n<div id=\"row_SECTION_VKFCZM7FAS\" class=\"row\">\n<div id=\"col_COLUMN_EC9YCNT7WE\" class=\"large-12 columns fixlarge-push-11 fixlarge-13 large-push-12\">\n<div id=\"text_BLOCK_UJ89NQ953B\" class=\"block-text \">\n<h2>Me Janick Rodgers adopte un style direct et franc<\/h2>\n<p>Me Janick Rodgers adopte un style direct et franc et vous propose son assistance et son accompagnement durant les moments cl\u00e9s de votre vie \u00e0 Gatineau. Son r\u00f4le est d\u2019attribuer une valeur juridique aux actes officiels.<\/p>\n<p>Naissance d\u2019un enfant, mariage, s\u00e9paration, achat ou vente d\u2019un bien immobilier, r\u00e8glement de succession\u2026 Quelle que soit la circonstance, l\u2019officier public vous informe de vos droits et obligations, en vous fournissant des explications utiles sur la port\u00e9e de vos engagements et des termes utilis\u00e9s dans le document notari\u00e9.<\/p>\n<\/p><\/div>\n<\/p><\/div>\n<div id=\"col_COLUMN_6OGQPYFWRN\" class=\"large-12 columns fixlarge-11 medium-16 medium-pull-4 fixlarge-pull-13 large-pull-12\">\n<figure id=\"img_BLOCK_BQFW1T791H\" class=\"block-image\">\n\t\t\t<img decoding=\"async\" src=\"https:\/\/www.janickrodgers.com\/wp-content\/themes\/janickrodgers\/assets\/images\/7a44e62d5e28.jpg\" alt=\"Notaire, Gatineau\"><br \/>\n\t\t<\/figure>\n<\/p><\/div>\n<\/div>\n<div id=\"row_SECTION_Q3LY9QXGHS\" class=\"row full-width collapse img2\">\n<div id=\"col_COLUMN_I3K5LO1XS8\" class=\"large-24 columns fixlarge-14 large-centered\">\n<div id=\"text_BLOCK_1QSIDVQ0V0\" class=\"block-text \">\n<blockquote>\n<p>Tirez-profit de l\u2019assistance et de l\u2019accompagnement d\u2019une notaire multidisciplinaire<\/p>\n<\/blockquote><\/div>\n<\/p><\/div>\n<\/div>\n<div id=\"row_SECTION_ZNQTPX86U6\" class=\"row\">\n<div id=\"col_COLUMN_SUU525BGBO\" class=\"large-24 columns\">\n<div id=\"text_BLOCK_NENMUEXAKP\" class=\"block-text lp-avantages\">\n<h2 style=\"text-align: center;\">Ses atouts&nbsp;:<\/h2>\n<\/p><\/div>\n<\/p><\/div>\n<\/div>\n<div id=\"row_SECTION_QKCGP6UJZJ\" class=\"row full-width collapse img1\">\n<div id=\"col_COLUMN_115IR7X51F\" class=\"large-8 columns medium-8\">\n<div id=\"text_BLOCK_NO518OAGAB\" class=\"block-text lp02\">\n<p>Plus de 23&nbsp;ans d\u2019exp\u00e9rience<\/p>\n<\/p><\/div>\n<\/p><\/div>\n<div id=\"col_COLUMN_JJ1JK2X2CZ\" class=\"large-8 columns medium-8\">\n<div id=\"text_BLOCK_6YMEQ4LGZR\" class=\"block-text lp02\">\n<p style=\"text-align: center;\">\u00c9coute<\/p>\n<\/p><\/div>\n<\/p><\/div>\n<div id=\"col_COLUMN_8468W9PY45\" class=\"large-8 columns medium-8\">\n<div id=\"text_BLOCK_S7GIWKFNEW\" class=\"block-text lp02\">\n<p style=\"text-align: center;\">Polyvalence<\/p>\n<\/p><\/div>\n<\/p><\/div>\n<\/div>\n<div id=\"row_SECTION_G8NMYJYI19\" class=\"row\">\n<div id=\"col_COLUMN_ZV3BORH9IB\" class=\"columns\">\n<div id=\"text_BLOCK_WZ7H4YLXA3\" class=\"block-text \">\n<h3 style=\"text-align: center;\">Contactez-la pour fixer un rendez-vous.<\/h3>\n<\/p><\/div>\n<div id=\"bouton_BLOCK_VBIOMAK1PP\" class=\"block-button medium align-center text-center \">\n\t\t\t<a class=\"button\" href=\"https:\/\/www.janickrodgers.com\/fr\/nous-contacter\/\" target=\"_self\"><br \/>\n\t\t\t\t<span class=\"txt\"><span>CONTACT<\/span><\/span><br \/>\n\t\t\t<\/a>\n\t\t<\/div>\n<\/p><\/div>\n<\/div>\n","protected":false},"excerpt":{"rendered":"<p>Votre notaire \u00e0 Gatineau Me Janick Rodgers, notaire, vous accueille dans son cabinet situ\u00e9 \u00e0 Gatineau pour vous offrir un service professionnel, personnalis\u00e9 et rigoureux. Conseiller juriqueDroit immobilierMandat de protectionNotaireTestament Me. Janick Rodgers, notaire, vous re\u00e7oit dans son cabinet \u00e0 Gatineau. Si vous \u00eates \u00e0 Gatineau (Hull, Aylmer) et avec besoin d\u2019un notaire exp\u00e9riment\u00e9 et [&hellip;]<\/p>\n","protected":false},"author":1,"featured_media":0,"parent":0,"menu_order":0,"comment_status":"closed","ping_status":"closed","template":"home_page.php","meta":{"footnotes":""},"class_list":["post-15","page","type-page","status-publish","hentry"],"_links":{"self":[{"href":"https:\/\/www.janickrodgers.com\/fr\/wp-json\/wp\/v2\/pages\/15","targetHints":{"allow":["GET"]}}],"collection":[{"href":"https:\/\/www.janickrodgers.com\/fr\/wp-json\/wp\/v2\/pages"}],"about":[{"href":"https:\/\/www.janickrodgers.com\/fr\/wp-json\/wp\/v2\/types\/page"}],"author":[{"embeddable":true,"href":"https:\/\/www.janickrodgers.com\/fr\/wp-json\/wp\/v2\/users\/1"}],"replies":[{"embeddable":true,"href":"https:\/\/www.janickrodgers.com\/fr\/wp-json\/wp\/v2\/comments?post=15"}],"version-history":[{"count":3,"href":"https:\/\/www.janickrodgers.com\/fr\/wp-json\/wp\/v2\/pages\/15\/revisions"}],"predecessor-version":[{"id":136,"href":"https:\/\/www.janickrodgers.com\/fr\/wp-json\/wp\/v2\/pages\/15\/revisions\/136"}],"wp:attachment":[{"href":"https:\/\/www.janickrodgers.com\/fr\/wp-json\/wp\/v2\/media?parent=15"}],"curies":[{"name":"wp","href":"https:\/\/api.w.org\/{rel}","templated":true}]}}